{"id":78,"date":"2026-03-20T15:07:26","date_gmt":"2026-03-20T15:07:26","guid":{"rendered":"https:\/\/coveridgestrategy.com\/?page_id=78"},"modified":"2026-03-29T22:35:54","modified_gmt":"2026-03-29T22:35:54","slug":"transformation-strategique","status":"publish","type":"page","link":"https:\/\/coveridgestrategy.com\/index.php\/transformation-strategique\/","title":{"rendered":"TRANSFORMATION STRATEGIQUE"},"content":{"rendered":"\t\t<div data-elementor-type=\"wp-page\" data-elementor-id=\"78\" class=\"elementor elementor-78\">\n\t\t\t\t<div class=\"elementor-element elementor-element-6e26ec1 e-flex e-con-boxed e-con e-parent\" data-id=\"6e26ec1\" data-element_type=\"container\" data-e-type=\"container\">\n\t\t\t\t\t<div class=\"e-con-inner\">\n\t\t\t\t<div class=\"elementor-element elementor-element-9761311 elementor-widget elementor-widget-text-editor\" data-id=\"9761311\" data-element_type=\"widget\" data-e-type=\"widget\" data-widget_type=\"text-editor.default\">\n\t\t\t\t\t\t\t\t\t<p class=\"MsoNormal\"><b><span style=\"font-size:14.0pt;line-height:107%;font-family:&quot;Arial Narrow&quot;,sans-serif;\nmso-bidi-font-family:Arial;mso-ansi-language:FR\">\u00ab&nbsp;De la mesure dans la\ndisposition des moyens&nbsp;\u00bb <o:p><\/o:p><\/span><\/b><\/p><p class=\"MsoNormal\"><b><span style=\"font-size:14.0pt;line-height:107%;font-family:&quot;Arial Narrow&quot;,sans-serif;\nmso-bidi-font-family:Arial;mso-ansi-language:FR\">&nbsp;<\/span><\/b><\/p><p class=\"MsoNormal\"><span style=\"font-size:14.0pt;line-height:107%;font-family:\n&quot;Arial Narrow&quot;,sans-serif;mso-bidi-font-family:Arial;mso-ansi-language:FR\">La\nd\u00e9cision strat\u00e9gique se trouve \u00e0 l\u2019intersection des donn\u00e9es et du capital\nhumain. Face aux changements technologiques et l\u2019\u00e9volution des comportements\nhumains, la d\u00e9cision strat\u00e9gique en sant\u00e9 n\u2019est plus une option, c\u2019est un\nmoteur de transformation.<o:p><\/o:p><\/span><\/p><p class=\"MsoNormal\"><span style=\"font-size:14.0pt;line-height:107%;font-family:\n&quot;Arial Narrow&quot;,sans-serif;mso-bidi-font-family:Arial;mso-ansi-language:FR\">Notre\napproche m\u00e9thodologique s\u2019incruste autour de quatre piliers transformationnels&nbsp;<b>: le But strat\u00e9gique, les leviers d\u2019action,\nla conception strat\u00e9gique et le model\u00e9 op\u00e9rationnel.<o:p><\/o:p><\/b><\/span><\/p><p class=\"MsoNormal\"><span style=\"font-size:14.0pt;line-height:107%;font-family:\n&quot;Arial Narrow&quot;,sans-serif;mso-bidi-font-family:Arial;mso-ansi-language:FR\">Conscient\nde la valeur de la prise d\u2019une d\u00e9cision forte en sant\u00e9 impacte le capital\nhumain d\u2019un pays, nous vous aidons \u00e0 naviguer dans l\u2019impr\u00e9visibilit\u00e9 et \u00e0\npiloter face aux risques \u00e9mergent, les exigences de la qualit\u00e9 de soins centr\u00e9e\nsur le patient.<o:p><\/o:p><\/span><\/p><p>\n\n\n\n\n\n\n\n\n\n<\/p><p class=\"MsoNormal\"><span style=\"font-size:14.0pt;line-height:107%;font-family:\n&quot;Arial Narrow&quot;,sans-serif;mso-fareast-font-family:&quot;Times New Roman&quot;;mso-bidi-font-family:\nArial;color:#0A0A0A;mso-ansi-language:FR;mso-fareast-language:EN-GB\">Gr\u00e2ce \u00e0\nnotre expertise de pointe, nous convertissons vos objectifs les plus ambitieux\nen strat\u00e9gies concr\u00e8tes, durables et centr\u00e9es sur l&rsquo;humain pour b\u00e2tir un\nsyst\u00e8me de sant\u00e9 plus r\u00e9silient.<\/span><span style=\"font-size:14.0pt;\nline-height:107%;font-family:&quot;Arial Narrow&quot;,sans-serif;mso-bidi-font-family:\nArial;mso-ansi-language:FR\"><o:p><\/o:p><\/span><\/p>\t\t\t\t\t\t\t\t<\/div>\n\t\t\t\t\t<\/div>\n\t\t\t\t<\/div>\n\t\t\t\t<\/div>\n\t\t","protected":false},"excerpt":{"rendered":"<p>\u00ab&nbsp;De la mesure dans la disposition des moyens&nbsp;\u00bb &nbsp; La d\u00e9cision strat\u00e9gique se trouve \u00e0 l\u2019intersection des donn\u00e9es et du capital humain. Face aux changements technologiques et l\u2019\u00e9volution des comportements humains, la d\u00e9cision strat\u00e9gique en sant\u00e9 n\u2019est plus une option, c\u2019est un moteur de transformation. Notre approche m\u00e9thodologique s\u2019incruste autour de quatre piliers transformationnels&nbsp;: le &hellip; <\/p>\n<p class=\"link-more\"><a href=\"https:\/\/coveridgestrategy.com\/index.php\/transformation-strategique\/\" class=\"more-link\">Lire la suite de<span class=\"screen-reader-text\">\u00ab\u00a0TRANSFORMATION STRATEGIQUE\u00a0\u00bb<\/span><\/a><\/p>\n","protected":false},"author":1,"featured_media":0,"parent":0,"menu_order":0,"comment_status":"closed","ping_status":"closed","template":"","meta":{"saved_in_kubio":false,"inspiro_hide_title":false,"footnotes":""},"class_list":["post-78","page","type-page","status-publish","hentry"],"kubio_ai_page_context":{"short_desc":"","purpose":"general"},"yoast_head":"<!-- This site is optimized with the Yoast SEO plugin v27.2 - https:\/\/yoast.com\/product\/yoast-seo-wordpress\/ -->\n<title>TRANSFORMATION STRATEGIQUE -<\/title>\n<meta name=\"robots\" content=\"index, follow, max-snippet:-1, max-image-preview:large, max-video-preview:-1\" \/>\n<link rel=\"canonical\" href=\"https:\/\/coveridgestrategy.com\/index.php\/transformation-strategique\/\" \/>\n<meta property=\"og:locale\" content=\"fr_FR\" \/>\n<meta property=\"og:type\" content=\"article\" \/>\n<meta property=\"og:title\" content=\"TRANSFORMATION STRATEGIQUE -\" \/>\n<meta property=\"og:description\" content=\"\u00ab&nbsp;De la mesure dans la disposition des moyens&nbsp;\u00bb &nbsp; La d\u00e9cision strat\u00e9gique se trouve \u00e0 l\u2019intersection des donn\u00e9es et du capital humain. Face aux changements technologiques et l\u2019\u00e9volution des comportements humains, la d\u00e9cision strat\u00e9gique en sant\u00e9 n\u2019est plus une option, c\u2019est un moteur de transformation. Notre approche m\u00e9thodologique s\u2019incruste autour de quatre piliers transformationnels&nbsp;: le &hellip; Lire la suite de\u00ab\u00a0TRANSFORMATION STRATEGIQUE\u00a0\u00bb\" \/>\n<meta property=\"og:url\" content=\"https:\/\/coveridgestrategy.com\/index.php\/transformation-strategique\/\" \/>\n<meta property=\"article:modified_time\" content=\"2026-03-29T22:35:54+00:00\" \/>\n<meta name=\"twitter:card\" content=\"summary_large_image\" \/>\n<meta name=\"twitter:label1\" content=\"Dur\u00e9e de lecture estim\u00e9e\" \/>\n\t<meta name=\"twitter:data1\" content=\"1 minute\" \/>\n<script type=\"application\/ld+json\" class=\"yoast-schema-graph\">{\"@context\":\"https:\/\/schema.org\",\"@graph\":[{\"@type\":\"WebPage\",\"@id\":\"https:\/\/coveridgestrategy.com\/index.php\/transformation-strategique\/\",\"url\":\"https:\/\/coveridgestrategy.com\/index.php\/transformation-strategique\/\",\"name\":\"TRANSFORMATION STRATEGIQUE -\",\"isPartOf\":{\"@id\":\"https:\/\/coveridgestrategy.com\/#website\"},\"datePublished\":\"2026-03-20T15:07:26+00:00\",\"dateModified\":\"2026-03-29T22:35:54+00:00\",\"breadcrumb\":{\"@id\":\"https:\/\/coveridgestrategy.com\/index.php\/transformation-strategique\/#breadcrumb\"},\"inLanguage\":\"fr-FR\",\"potentialAction\":[{\"@type\":\"ReadAction\",\"target\":[\"https:\/\/coveridgestrategy.com\/index.php\/transformation-strategique\/\"]}]},{\"@type\":\"BreadcrumbList\",\"@id\":\"https:\/\/coveridgestrategy.com\/index.php\/transformation-strategique\/#breadcrumb\",\"itemListElement\":[{\"@type\":\"ListItem\",\"position\":1,\"name\":\"Accueil\",\"item\":\"https:\/\/coveridgestrategy.com\/\"},{\"@type\":\"ListItem\",\"position\":2,\"name\":\"TRANSFORMATION STRATEGIQUE\"}]},{\"@type\":\"WebSite\",\"@id\":\"https:\/\/coveridgestrategy.com\/#website\",\"url\":\"https:\/\/coveridgestrategy.com\/\",\"name\":\"\",\"description\":\"\",\"potentialAction\":[{\"@type\":\"SearchAction\",\"target\":{\"@type\":\"EntryPoint\",\"urlTemplate\":\"https:\/\/coveridgestrategy.com\/?s={search_term_string}\"},\"query-input\":{\"@type\":\"PropertyValueSpecification\",\"valueRequired\":true,\"valueName\":\"search_term_string\"}}],\"inLanguage\":\"fr-FR\"}]}<\/script>\n<!-- \/ Yoast SEO plugin. -->","yoast_head_json":{"title":"TRANSFORMATION STRATEGIQUE -","robots":{"index":"index","follow":"follow","max-snippet":"max-snippet:-1","max-image-preview":"max-image-preview:large","max-video-preview":"max-video-preview:-1"},"canonical":"https:\/\/coveridgestrategy.com\/index.php\/transformation-strategique\/","og_locale":"fr_FR","og_type":"article","og_title":"TRANSFORMATION STRATEGIQUE -","og_description":"\u00ab&nbsp;De la mesure dans la disposition des moyens&nbsp;\u00bb &nbsp; La d\u00e9cision strat\u00e9gique se trouve \u00e0 l\u2019intersection des donn\u00e9es et du capital humain. Face aux changements technologiques et l\u2019\u00e9volution des comportements humains, la d\u00e9cision strat\u00e9gique en sant\u00e9 n\u2019est plus une option, c\u2019est un moteur de transformation. Notre approche m\u00e9thodologique s\u2019incruste autour de quatre piliers transformationnels&nbsp;: le &hellip; Lire la suite de\u00ab\u00a0TRANSFORMATION STRATEGIQUE\u00a0\u00bb","og_url":"https:\/\/coveridgestrategy.com\/index.php\/transformation-strategique\/","article_modified_time":"2026-03-29T22:35:54+00:00","twitter_card":"summary_large_image","twitter_misc":{"Dur\u00e9e de lecture estim\u00e9e":"1 minute"},"schema":{"@context":"https:\/\/schema.org","@graph":[{"@type":"WebPage","@id":"https:\/\/coveridgestrategy.com\/index.php\/transformation-strategique\/","url":"https:\/\/coveridgestrategy.com\/index.php\/transformation-strategique\/","name":"TRANSFORMATION STRATEGIQUE -","isPartOf":{"@id":"https:\/\/coveridgestrategy.com\/#website"},"datePublished":"2026-03-20T15:07:26+00:00","dateModified":"2026-03-29T22:35:54+00:00","breadcrumb":{"@id":"https:\/\/coveridgestrategy.com\/index.php\/transformation-strategique\/#breadcrumb"},"inLanguage":"fr-FR","potentialAction":[{"@type":"ReadAction","target":["https:\/\/coveridgestrategy.com\/index.php\/transformation-strategique\/"]}]},{"@type":"BreadcrumbList","@id":"https:\/\/coveridgestrategy.com\/index.php\/transformation-strategique\/#breadcrumb","itemListElement":[{"@type":"ListItem","position":1,"name":"Accueil","item":"https:\/\/coveridgestrategy.com\/"},{"@type":"ListItem","position":2,"name":"TRANSFORMATION STRATEGIQUE"}]},{"@type":"WebSite","@id":"https:\/\/coveridgestrategy.com\/#website","url":"https:\/\/coveridgestrategy.com\/","name":"","description":"","potentialAction":[{"@type":"SearchAction","target":{"@type":"EntryPoint","urlTemplate":"https:\/\/coveridgestrategy.com\/?s={search_term_string}"},"query-input":{"@type":"PropertyValueSpecification","valueRequired":true,"valueName":"search_term_string"}}],"inLanguage":"fr-FR"}]}},"_links":{"self":[{"href":"https:\/\/coveridgestrategy.com\/index.php\/wp-json\/wp\/v2\/pages\/78","targetHints":{"allow":["GET"]}}],"collection":[{"href":"https:\/\/coveridgestrategy.com\/index.php\/wp-json\/wp\/v2\/pages"}],"about":[{"href":"https:\/\/coveridgestrategy.com\/index.php\/wp-json\/wp\/v2\/types\/page"}],"author":[{"embeddable":true,"href":"https:\/\/coveridgestrategy.com\/index.php\/wp-json\/wp\/v2\/users\/1"}],"replies":[{"embeddable":true,"href":"https:\/\/coveridgestrategy.com\/index.php\/wp-json\/wp\/v2\/comments?post=78"}],"version-history":[{"count":5,"href":"https:\/\/coveridgestrategy.com\/index.php\/wp-json\/wp\/v2\/pages\/78\/revisions"}],"predecessor-version":[{"id":178,"href":"https:\/\/coveridgestrategy.com\/index.php\/wp-json\/wp\/v2\/pages\/78\/revisions\/178"}],"wp:attachment":[{"href":"https:\/\/coveridgestrategy.com\/index.php\/wp-json\/wp\/v2\/media?parent=78"}],"curies":[{"name":"wp","href":"https:\/\/api.w.org\/{rel}","templated":true}]}}